{"id":2857,"date":"2021-06-09T23:33:38","date_gmt":"2021-06-09T21:33:38","guid":{"rendered":"https:\/\/ns332467.ip-37-187-254.eu\/~nicolasgigot\/projekte\/"},"modified":"2024-04-11T13:58:53","modified_gmt":"2024-04-11T11:58:53","slug":"projekte","status":"publish","type":"page","link":"https:\/\/fondation-nicolasgigot.org\/de\/projekte\/","title":{"rendered":"Projekte"},"content":{"rendered":"\t\t<div data-elementor-type=\"wp-page\" data-elementor-id=\"2857\" class=\"elementor elementor-2857 elementor-2590\" data-elementor-post-type=\"page\">\n\t\t\t\t\t\t<section class=\"elementor-section elementor-top-section elementor-element elementor-element-28798a0 elementor-section-boxed elementor-section-height-default elementor-section-height-default elementor-invisible\" data-id=\"28798a0\" data-element_type=\"section\" data-settings=\"{&quot;animation&quot;:&quot;fadeInUp&quot;}\">\n\t\t\t\t\t\t<div class=\"elementor-container elementor-column-gap-default\">\n\t\t\t\t\t<div class=\"elementor-column elementor-col-100 elementor-top-column elementor-element elementor-element-6d1a431\" data-id=\"6d1a431\" data-element_type=\"column\">\n\t\t\t<div class=\"elementor-widget-wrap elementor-element-populated\">\n\t\t\t\t\t\t<div class=\"elementor-element elementor-element-92a081a elementor-widget__width-auto elementor-widget elementor-widget-heading\" data-id=\"92a081a\" data-element_type=\"widget\" data-widget_type=\"heading.default\">\n\t\t\t\t<div class=\"elementor-widget-container\">\n\t\t\t\t\t<h1 class=\"elementor-heading-title elementor-size-default\">Projekte<\/h1>\t\t\t\t<\/div>\n\t\t\t\t<\/div>\n\t\t\t\t<div class=\"elementor-element elementor-element-120f17d bdt-audio-player-title-none bdt-audio-player-fixed-yes elementor-widget elementor-widget-bdt-audio-player\" data-id=\"120f17d\" data-element_type=\"widget\" data-widget_type=\"bdt-audio-player.default\">\n\t\t\t\t<div class=\"elementor-widget-container\">\n\t\t\t\t\t\t\t<div class=\"bdt-audio-player\">\n\t\t\t\t\t<div class=\"jp-jplayer\" data-settings=\"{&quot;volume_level&quot;:0.5,&quot;restrict_duration&quot;:10,&quot;autoplay&quot;:true,&quot;loop&quot;:true,&quot;audio_source&quot;:&quot;https:\\\/\\\/fondation-nicolasgigot.org\\\/wp-content\\\/uploads\\\/2021\\\/06\\\/projets.mp3&quot;}\"><\/div>\n\n\t\t\t\t\t\t\t<div id=\"jp_container_120f17d\" class=\"jp-audio\" role=\"application\" aria-label=\"media player\">\n\t\t\t<div class=\"jp-type-playlist\">\n\t\t\t\t<div class=\"jp-gui jp-interface\">\n\t\t\t\t\t<div class=\"jp-controls bdt-grid bdt-grid-small bdt-flex-middle\" bdt-grid>\n\t\t\t\t\t\t\n\t\t\t\t\t\t\n\t\t<div class=\"bdt-width-auto\" >\n\t\t\t<a href=\"javascript:;\" class=\"jp-play\" tabindex=\"1\" title=\"Play \">\n\t\t\t\t<svg version=\"1.1\" id=\"Layer_1\" xmlns=\"http:\/\/www.w3.org\/2000\/svg\" xmlns:xlink=\"http:\/\/www.w3.org\/1999\/xlink\" x=\"0px\" y=\"0px\"\r\n\t viewBox=\"0 0 42 42\" style=\"enable-background:new 0 0 42 42;\" xml:space=\"preserve\">\r\n<path d=\"M36.1,20.2l-29-20C6.8,0,6.4-0.1,6,0.1C5.7,0.3,5.5,0.6,5.5,1v40c0,0.4,0.2,0.7,0.5,0.9C6.2,42,6.3,42,6.5,42\r\n\tc0.2,0,0.4-0.1,0.6-0.2l29-20c0.3-0.2,0.4-0.5,0.4-0.8S36.3,20.4,36.1,20.2z M7.5,39.1V2.9L33.7,21L7.5,39.1z\"\/>\r\n<\/svg>\r\n\t\t\t<\/a>\n\t\t\t<a href=\"javascript:;\" class=\"jp-pause\" tabindex=\"1\" title=\"Pause \">\n\t\t\t\t<svg version=\"1.1\" id=\"Layer_1\" xmlns=\"http:\/\/www.w3.org\/2000\/svg\" xmlns:xlink=\"http:\/\/www.w3.org\/1999\/xlink\" x=\"0px\" y=\"0px\"\r\n\t viewBox=\"0 0 42 42\" style=\"enable-background:new 0 0 42 42;\" xml:space=\"preserve\">\r\n<g>\r\n\t<path d=\"M14.5,0c-0.6,0-1,0.4-1,1v40c0,0.6,0.4,1,1,1s1-0.4,1-1V1C15.5,0.4,15.1,0,14.5,0z\"\/>\r\n\t<path d=\"M27.5,0c-0.6,0-1,0.4-1,1v40c0,0.6,0.4,1,1,1s1-0.4,1-1V1C28.5,0.4,28.1,0,27.5,0z\"\/>\r\n<\/g>\r\n<\/svg>\r\n\t\t\t<\/a>\n\t\t<\/div>\n\n\t\t\t\t\t\t\t\t\n\t\t\t\t\t\t\n\t\t\n\t\t\t\t\t\t\t\t\n\t\t\t\t\t\t\t\t\n\t\t\t\t\t\t\n\t\t\t\t\t\t\t\t\n\t\t\t\t\t\t\n\t\t\t\t\t\t\t\t\n\t\t\t\t\t\t\n\t\t\t\t\t\t\t\t\n\t\t\t\t\t<\/div>\n\t\t\t\t\t\n\t\t\t\t<\/div>\n\t\t\t\t\n\t\t\t<\/div>\n\t\t<\/div>\n\t\t\n\t\t\t\t<\/div>\t\t\n\t\t\t\t\t\t<\/div>\n\t\t\t\t<\/div>\n\t\t\t\t\t<\/div>\n\t\t<\/div>\n\t\t\t\t\t<\/div>\n\t\t<\/section>\n\t\t\t\t<section class=\"elementor-section elementor-top-section elementor-element elementor-element-369812f elementor-section-height-min-height elementor-section-boxed elementor-section-height-default elementor-section-items-middle\" data-id=\"369812f\" data-element_type=\"section\" data-settings=\"{&quot;background_background&quot;:&quot;classic&quot;}\">\n\t\t\t\t\t\t\t<div class=\"elementor-background-overlay\"><\/div>\n\t\t\t\t\t\t\t<div class=\"elementor-container elementor-column-gap-default\">\n\t\t\t\t\t<div class=\"elementor-column elementor-col-100 elementor-top-column elementor-element elementor-element-98be33e\" data-id=\"98be33e\" data-element_type=\"column\">\n\t\t\t<div class=\"elementor-widget-wrap elementor-element-populated\">\n\t\t\t\t\t\t<div class=\"elementor-element elementor-element-bd6c4e2 elementor-widget elementor-widget-heading\" data-id=\"bd6c4e2\" data-element_type=\"widget\" data-widget_type=\"heading.default\">\n\t\t\t\t<div class=\"elementor-widget-container\">\n\t\t\t\t\t<h3 class=\"elementor-heading-title elementor-size-default\">Ich m\u00f6chte betonen, dass das erste Ziel der Stiftung darin liegt, allen Krankenh\u00e4usern Tobii Ger\u00e4te zur Verf\u00fcgung zu stellen<\/h3>\t\t\t\t<\/div>\n\t\t\t\t<\/div>\n\t\t\t\t\t<\/div>\n\t\t<\/div>\n\t\t\t\t\t<\/div>\n\t\t<\/section>\n\t\t\t\t<section class=\"elementor-section elementor-top-section elementor-element elementor-element-b9b31c4 elementor-section-boxed elementor-section-height-default elementor-section-height-default\" data-id=\"b9b31c4\" data-element_type=\"section\">\n\t\t\t\t\t\t<div class=\"elementor-container elementor-column-gap-default\">\n\t\t\t\t\t<div class=\"elementor-column elementor-col-100 elementor-top-column elementor-element elementor-element-897fc22\" data-id=\"897fc22\" data-element_type=\"column\">\n\t\t\t<div class=\"elementor-widget-wrap elementor-element-populated\">\n\t\t\t\t\t\t<div class=\"elementor-element elementor-element-a0f481b elementor-widget elementor-widget-text-editor\" data-id=\"a0f481b\" data-element_type=\"widget\" data-widget_type=\"text-editor.default\">\n\t\t\t\t<div class=\"elementor-widget-container\">\n\t\t\t\t\t\t\t\t\t<p>Ich m\u00f6chte betonen, dass das erste Ziel der Stiftung darin liegt, allen Krankenh\u00e4usern (\u00fcber ganz Europa verteilt) Tobii Ger\u00e4te zur Verf\u00fcgung zu stellen, die selbst keine besitzen, sowie die Anschaffung von Rollst\u00fchlen f\u00fcr den Behindertensport.<\/p>\n<p>Die Stiftung m\u00f6chte aber noch weiter gehen indem sie zu guten Taten ermutigt und vor allem die richtige Aus\u00fcbung von jeglicher Sportart f\u00f6rdert, damit eine Belastungshyperthermie vermieden wird.<\/p>\n<p>Gesundheitsexperten werden mir in diesem Unterfangen beistehen und gl\u00fccklicherweise ebenfalls Sportler, die wieder genesen sind (manche nach Jahren des Kampfes), werden ihr Zeugnis ablegen.<\/p>\n<p>Es ist mir lieb und teuer, so schnell wie m\u00f6glich in Kontakt zu treten mit zuk\u00fcnftigen Sportlehrern, Kinesitherapeuten, Sportzentren\u2026 um sie \u00fcber diese schreckliche Krankheit aufzukl\u00e4ren.<\/p>\n<p>Ohne viele Worte zu diesem Thema verlieren zu wollen &#8211; es gibt eine goldene Regel: Man l\u00e4sst einen Sportler nie alleine!<\/p>\n<p>Dank Ihrer Spenden wird dem Krankenhaus Sart Tilman in L\u00fcttich demn\u00e4chst ein Tobii Ger\u00e4t zur Verf\u00fcgung gestellt. Die Stiftung plant ebenfalls, dem Rugby Club von La Hulpe einen Sportrollstuhl f\u00fcr Geoffrey Dath zu schenken. (Geoffrey ist ein ehemaliger Rugbyspieler, der nach einer fehlgeschlagenen Operation querschnittsgel\u00e4hmt blieb. Er ist dem Club aus Liebe zum Rugbysport beigetreten).<\/p>\n<p><img fetchpriority=\"high\" decoding=\"async\" class=\"size-medium wp-image-1891 alignnone\" src=\"https:\/\/fondation-nicolasgigot.org\/wp-content\/uploads\/2021\/05\/image1-201x300.jpg\" alt=\"\" width=\"201\" height=\"300\" srcset=\"https:\/\/fondation-nicolasgigot.org\/wp-content\/uploads\/2021\/05\/image1-201x300.jpg 201w, https:\/\/fondation-nicolasgigot.org\/wp-content\/uploads\/2021\/05\/image1.jpg 410w\" sizes=\"(max-width: 201px) 100vw, 201px\" \/><img decoding=\"async\" class=\"size-medium wp-image-1892 alignnone\" src=\"https:\/\/fondation-nicolasgigot.org\/wp-content\/uploads\/2021\/05\/image2-300x296.png\" alt=\"\" width=\"300\" height=\"296\" srcset=\"https:\/\/fondation-nicolasgigot.org\/wp-content\/uploads\/2021\/05\/image2-300x296.png 300w, https:\/\/fondation-nicolasgigot.org\/wp-content\/uploads\/2021\/05\/image2.png 637w\" sizes=\"(max-width: 300px) 100vw, 300px\" \/><\/p>\n<h1>Die Verwirklichungen<\/h1>\n<p>Nat\u00fcrlich haben wir Ihre Spenden, Sie haben auch unseren Laden, dennoch werden wir ein Maximum &#8222;bewegen&#8220;, indem wir einer Mehrheit der Gesch\u00e4fte in Frankreich, Belgien, Luxemburg, Deutschland&#8230; kleine Sparschweine im Getr\u00e4nkedosenformat mit einem Wort der Erkl\u00e4rung anbieten werden<\/p>\n<p>Wir werden auch DVD\u2018s, Blu-ray\u2019s und Komplettboxen in gro\u00dfen Einkaufszentren mit Unterst\u00fctzung der Medien anbieten, um sie zu dem Preis zu verkaufen, den Sie bestimmen werden!<\/p>\n<p>Es werden Spiele zu Ehren von Nicolas organisiert werden, Mahlzeiten von gro\u00dfen Sternek\u00f6chen angeboten werden, Tombolas, Gesangsveranstaltungen, Partys&#8230; Vieles wird organisiert werden und nat\u00fcrlich werden Sie dar\u00fcber informiert.<\/p>\n<p>Nicolas hatte sehr viel Ehrgeiz also habe ich welchen f\u00fcr ihn: Ich w\u00fcrde gerne eine gro\u00dfe gesponsorte Staffelrundwanderung organisieren, die in Esneux startet, \u00fcber Embourg-Chaudfontaine, dann L\u00fcttich&#8230; Vis\u00e9&#8230; Waterloo&#8230;runter nach Frankreich nach Bourg en Bresse und dann Lyon f\u00fchrt und schlie\u00dflich die R\u00fcckkehr nach Esneux.<\/p>\n<p>Es gelten nur 2 Regeln: K\u00f6rpereinsatz: zu Fu\u00df, laufend, mit dem Skateboard, mit dem Fahrrad, mit dem Roller, auf einem Esel, auf einer Kuh&#8230; (schwimmend&#8230; warum nicht sogar paddeln) und vor allem geschminkt und lustig angezogen sein, denn Nicolas h\u00e4tte es geliebt.<\/p>\t\t\t\t\t\t\t\t<\/div>\n\t\t\t\t<\/div>\n\t\t\t\t\t<\/div>\n\t\t<\/div>\n\t\t\t\t\t<\/div>\n\t\t<\/section>\n\t\t\t\t<\/div>\n\t\t","protected":false},"excerpt":{"rendered":"<p>Projekte Ich m\u00f6chte betonen, dass das erste Ziel der Stiftung darin liegt, allen Krankenh\u00e4usern Tobii Ger\u00e4te zur Verf\u00fcgung zu stellen Ich m\u00f6chte betonen, dass das erste Ziel der Stiftung darin liegt, allen Krankenh\u00e4usern (\u00fcber ganz Europa verteilt) Tobii Ger\u00e4te zur Verf\u00fcgung zu stellen, die selbst keine besitzen, sowie die Anschaffung von Rollst\u00fchlen f\u00fcr den Behindertensport. [&hellip;]<\/p>\n","protected":false},"author":1,"featured_media":0,"parent":0,"menu_order":0,"comment_status":"closed","ping_status":"closed","template":"elementor_header_footer","meta":{"_acf_changed":false,"give_campaign_id":0,"footnotes":""},"class_list":["post-2857","page","type-page","status-publish","hentry"],"acf":[],"yoast_head":"<!-- This site is optimized with the Yoast SEO plugin v25.1 - https:\/\/yoast.com\/wordpress\/plugins\/seo\/ -->\n<title>Die Projekte der Stiftung | Fondation Nicolas Gigot<\/title>\n<meta name=\"description\" content=\"Das Hauptziel der Stiftung ist es, allen Krankenh\u00e4usern Tobii-Ger\u00e4te zur Verf\u00fcgung zu stellen. Wir erl\u00e4utern Ihnen die abgeschlossenen Projekte im Detail.\" \/>\n<meta name=\"robots\" content=\"index, follow, max-snippet:-1, max-image-preview:large, max-video-preview:-1\" \/>\n<link rel=\"canonical\" href=\"https:\/\/fondation-nicolasgigot.org\/de\/projekte\/\" \/>\n<meta property=\"og:locale\" content=\"de_DE\" \/>\n<meta property=\"og:type\" content=\"article\" \/>\n<meta property=\"og:title\" content=\"Die Projekte der Stiftung | Fondation Nicolas Gigot\" \/>\n<meta property=\"og:description\" content=\"Das Hauptziel der Stiftung ist es, allen Krankenh\u00e4usern Tobii-Ger\u00e4te zur Verf\u00fcgung zu stellen. Wir erl\u00e4utern Ihnen die abgeschlossenen Projekte im Detail.\" \/>\n<meta property=\"og:url\" content=\"https:\/\/fondation-nicolasgigot.org\/de\/projekte\/\" \/>\n<meta property=\"og:site_name\" content=\"Fondation Nicolas Gigot\" \/>\n<meta property=\"article:modified_time\" content=\"2024-04-11T11:58:53+00:00\" \/>\n<meta property=\"og:image\" content=\"https:\/\/fondation-nicolasgigot.org\/wp-content\/uploads\/2021\/05\/image1-201x300.jpg\" \/>\n<meta name=\"twitter:card\" content=\"summary_large_image\" \/>\n<meta name=\"twitter:label1\" content=\"Gesch\u00e4tzte Lesezeit\" \/>\n\t<meta name=\"twitter:data1\" content=\"2\u00a0Minuten\" \/>\n<script type=\"application\/ld+json\" class=\"yoast-schema-graph\">{\"@context\":\"https:\/\/schema.org\",\"@graph\":[{\"@type\":\"WebPage\",\"@id\":\"https:\/\/fondation-nicolasgigot.org\/de\/projekte\/\",\"url\":\"https:\/\/fondation-nicolasgigot.org\/de\/projekte\/\",\"name\":\"Die Projekte der Stiftung | Fondation Nicolas Gigot\",\"isPartOf\":{\"@id\":\"https:\/\/fondation-nicolasgigot.org\/de\/#website\"},\"primaryImageOfPage\":{\"@id\":\"https:\/\/fondation-nicolasgigot.org\/de\/projekte\/#primaryimage\"},\"image\":{\"@id\":\"https:\/\/fondation-nicolasgigot.org\/de\/projekte\/#primaryimage\"},\"thumbnailUrl\":\"https:\/\/fondation-nicolasgigot.org\/wp-content\/uploads\/2021\/05\/image1-201x300.jpg\",\"datePublished\":\"2021-06-09T21:33:38+00:00\",\"dateModified\":\"2024-04-11T11:58:53+00:00\",\"description\":\"Das Hauptziel der Stiftung ist es, allen Krankenh\u00e4usern Tobii-Ger\u00e4te zur Verf\u00fcgung zu stellen. Wir erl\u00e4utern Ihnen die abgeschlossenen Projekte im Detail.\",\"breadcrumb\":{\"@id\":\"https:\/\/fondation-nicolasgigot.org\/de\/projekte\/#breadcrumb\"},\"inLanguage\":\"de\",\"potentialAction\":[{\"@type\":\"ReadAction\",\"target\":[\"https:\/\/fondation-nicolasgigot.org\/de\/projekte\/\"]}]},{\"@type\":\"ImageObject\",\"inLanguage\":\"de\",\"@id\":\"https:\/\/fondation-nicolasgigot.org\/de\/projekte\/#primaryimage\",\"url\":\"https:\/\/fondation-nicolasgigot.org\/wp-content\/uploads\/2021\/05\/image1-201x300.jpg\",\"contentUrl\":\"https:\/\/fondation-nicolasgigot.org\/wp-content\/uploads\/2021\/05\/image1-201x300.jpg\"},{\"@type\":\"BreadcrumbList\",\"@id\":\"https:\/\/fondation-nicolasgigot.org\/de\/projekte\/#breadcrumb\",\"itemListElement\":[{\"@type\":\"ListItem\",\"position\":1,\"name\":\"Accueil\",\"item\":\"https:\/\/fondation-nicolasgigot.org\/de\/\"},{\"@type\":\"ListItem\",\"position\":2,\"name\":\"Projekte\"}]},{\"@type\":\"WebSite\",\"@id\":\"https:\/\/fondation-nicolasgigot.org\/de\/#website\",\"url\":\"https:\/\/fondation-nicolasgigot.org\/de\/\",\"name\":\"Fondation Nicolas Gigot\",\"description\":\"\",\"publisher\":{\"@id\":\"https:\/\/fondation-nicolasgigot.org\/de\/#organization\"},\"potentialAction\":[{\"@type\":\"SearchAction\",\"target\":{\"@type\":\"EntryPoint\",\"urlTemplate\":\"https:\/\/fondation-nicolasgigot.org\/de\/?s={search_term_string}\"},\"query-input\":{\"@type\":\"PropertyValueSpecification\",\"valueRequired\":true,\"valueName\":\"search_term_string\"}}],\"inLanguage\":\"de\"},{\"@type\":\"Organization\",\"@id\":\"https:\/\/fondation-nicolasgigot.org\/de\/#organization\",\"name\":\"Fondation Nicolas Gigot\",\"url\":\"https:\/\/fondation-nicolasgigot.org\/de\/\",\"logo\":{\"@type\":\"ImageObject\",\"inLanguage\":\"de\",\"@id\":\"https:\/\/fondation-nicolasgigot.org\/de\/#\/schema\/logo\/image\/\",\"url\":\"https:\/\/fondation-nicolasgigot.org\/wp-content\/uploads\/2021\/04\/Groupe-32.svg\",\"contentUrl\":\"https:\/\/fondation-nicolasgigot.org\/wp-content\/uploads\/2021\/04\/Groupe-32.svg\",\"width\":1,\"height\":1,\"caption\":\"Fondation Nicolas Gigot\"},\"image\":{\"@id\":\"https:\/\/fondation-nicolasgigot.org\/de\/#\/schema\/logo\/image\/\"}}]}<\/script>\n<!-- \/ Yoast SEO plugin. -->","yoast_head_json":{"title":"Die Projekte der Stiftung | Fondation Nicolas Gigot","description":"Das Hauptziel der Stiftung ist es, allen Krankenh\u00e4usern Tobii-Ger\u00e4te zur Verf\u00fcgung zu stellen. Wir erl\u00e4utern Ihnen die abgeschlossenen Projekte im Detail.","robots":{"index":"index","follow":"follow","max-snippet":"max-snippet:-1","max-image-preview":"max-image-preview:large","max-video-preview":"max-video-preview:-1"},"canonical":"https:\/\/fondation-nicolasgigot.org\/de\/projekte\/","og_locale":"de_DE","og_type":"article","og_title":"Die Projekte der Stiftung | Fondation Nicolas Gigot","og_description":"Das Hauptziel der Stiftung ist es, allen Krankenh\u00e4usern Tobii-Ger\u00e4te zur Verf\u00fcgung zu stellen. Wir erl\u00e4utern Ihnen die abgeschlossenen Projekte im Detail.","og_url":"https:\/\/fondation-nicolasgigot.org\/de\/projekte\/","og_site_name":"Fondation Nicolas Gigot","article_modified_time":"2024-04-11T11:58:53+00:00","og_image":[{"url":"https:\/\/fondation-nicolasgigot.org\/wp-content\/uploads\/2021\/05\/image1-201x300.jpg","type":"","width":"","height":""}],"twitter_card":"summary_large_image","twitter_misc":{"Gesch\u00e4tzte Lesezeit":"2\u00a0Minuten"},"schema":{"@context":"https:\/\/schema.org","@graph":[{"@type":"WebPage","@id":"https:\/\/fondation-nicolasgigot.org\/de\/projekte\/","url":"https:\/\/fondation-nicolasgigot.org\/de\/projekte\/","name":"Die Projekte der Stiftung | Fondation Nicolas Gigot","isPartOf":{"@id":"https:\/\/fondation-nicolasgigot.org\/de\/#website"},"primaryImageOfPage":{"@id":"https:\/\/fondation-nicolasgigot.org\/de\/projekte\/#primaryimage"},"image":{"@id":"https:\/\/fondation-nicolasgigot.org\/de\/projekte\/#primaryimage"},"thumbnailUrl":"https:\/\/fondation-nicolasgigot.org\/wp-content\/uploads\/2021\/05\/image1-201x300.jpg","datePublished":"2021-06-09T21:33:38+00:00","dateModified":"2024-04-11T11:58:53+00:00","description":"Das Hauptziel der Stiftung ist es, allen Krankenh\u00e4usern Tobii-Ger\u00e4te zur Verf\u00fcgung zu stellen. Wir erl\u00e4utern Ihnen die abgeschlossenen Projekte im Detail.","breadcrumb":{"@id":"https:\/\/fondation-nicolasgigot.org\/de\/projekte\/#breadcrumb"},"inLanguage":"de","potentialAction":[{"@type":"ReadAction","target":["https:\/\/fondation-nicolasgigot.org\/de\/projekte\/"]}]},{"@type":"ImageObject","inLanguage":"de","@id":"https:\/\/fondation-nicolasgigot.org\/de\/projekte\/#primaryimage","url":"https:\/\/fondation-nicolasgigot.org\/wp-content\/uploads\/2021\/05\/image1-201x300.jpg","contentUrl":"https:\/\/fondation-nicolasgigot.org\/wp-content\/uploads\/2021\/05\/image1-201x300.jpg"},{"@type":"BreadcrumbList","@id":"https:\/\/fondation-nicolasgigot.org\/de\/projekte\/#breadcrumb","itemListElement":[{"@type":"ListItem","position":1,"name":"Accueil","item":"https:\/\/fondation-nicolasgigot.org\/de\/"},{"@type":"ListItem","position":2,"name":"Projekte"}]},{"@type":"WebSite","@id":"https:\/\/fondation-nicolasgigot.org\/de\/#website","url":"https:\/\/fondation-nicolasgigot.org\/de\/","name":"Fondation Nicolas Gigot","description":"","publisher":{"@id":"https:\/\/fondation-nicolasgigot.org\/de\/#organization"},"potentialAction":[{"@type":"SearchAction","target":{"@type":"EntryPoint","urlTemplate":"https:\/\/fondation-nicolasgigot.org\/de\/?s={search_term_string}"},"query-input":{"@type":"PropertyValueSpecification","valueRequired":true,"valueName":"search_term_string"}}],"inLanguage":"de"},{"@type":"Organization","@id":"https:\/\/fondation-nicolasgigot.org\/de\/#organization","name":"Fondation Nicolas Gigot","url":"https:\/\/fondation-nicolasgigot.org\/de\/","logo":{"@type":"ImageObject","inLanguage":"de","@id":"https:\/\/fondation-nicolasgigot.org\/de\/#\/schema\/logo\/image\/","url":"https:\/\/fondation-nicolasgigot.org\/wp-content\/uploads\/2021\/04\/Groupe-32.svg","contentUrl":"https:\/\/fondation-nicolasgigot.org\/wp-content\/uploads\/2021\/04\/Groupe-32.svg","width":1,"height":1,"caption":"Fondation Nicolas Gigot"},"image":{"@id":"https:\/\/fondation-nicolasgigot.org\/de\/#\/schema\/logo\/image\/"}}]}},"campaignId":"","_links":{"self":[{"href":"https:\/\/fondation-nicolasgigot.org\/de\/wp-json\/wp\/v2\/pages\/2857","targetHints":{"allow":["GET"]}}],"collection":[{"href":"https:\/\/fondation-nicolasgigot.org\/de\/wp-json\/wp\/v2\/pages"}],"about":[{"href":"https:\/\/fondation-nicolasgigot.org\/de\/wp-json\/wp\/v2\/types\/page"}],"author":[{"embeddable":true,"href":"https:\/\/fondation-nicolasgigot.org\/de\/wp-json\/wp\/v2\/users\/1"}],"replies":[{"embeddable":true,"href":"https:\/\/fondation-nicolasgigot.org\/de\/wp-json\/wp\/v2\/comments?post=2857"}],"version-history":[{"count":15,"href":"https:\/\/fondation-nicolasgigot.org\/de\/wp-json\/wp\/v2\/pages\/2857\/revisions"}],"predecessor-version":[{"id":5493,"href":"https:\/\/fondation-nicolasgigot.org\/de\/wp-json\/wp\/v2\/pages\/2857\/revisions\/5493"}],"wp:attachment":[{"href":"https:\/\/fondation-nicolasgigot.org\/de\/wp-json\/wp\/v2\/media?parent=2857"}],"curies":[{"name":"wp","href":"https:\/\/api.w.org\/{rel}","templated":true}]}}