{"id":3243,"date":"2021-06-21T10:27:45","date_gmt":"2021-06-21T08:27:45","guid":{"rendered":"https:\/\/ns332467.ip-37-187-254.eu\/~nicolasgigot\/impressum\/"},"modified":"2024-04-11T13:57:53","modified_gmt":"2024-04-11T11:57:53","slug":"impressum","status":"publish","type":"page","link":"https:\/\/fondation-nicolasgigot.org\/de\/impressum\/","title":{"rendered":"Impressum"},"content":{"rendered":"\t\t<div data-elementor-type=\"wp-page\" data-elementor-id=\"3243\" class=\"elementor elementor-3243 elementor-26\" data-elementor-post-type=\"page\">\n\t\t\t\t\t\t<section class=\"elementor-section elementor-top-section elementor-element elementor-element-f8b8fc6 elementor-section-boxed elementor-section-height-default elementor-section-height-default\" data-id=\"f8b8fc6\" data-element_type=\"section\">\n\t\t\t\t\t\t<div class=\"elementor-container elementor-column-gap-default\">\n\t\t\t\t\t<div class=\"elementor-column elementor-col-100 elementor-top-column elementor-element elementor-element-a822790\" data-id=\"a822790\" data-element_type=\"column\">\n\t\t\t<div class=\"elementor-widget-wrap elementor-element-populated\">\n\t\t\t\t\t\t<div class=\"elementor-element elementor-element-93a01b8 elementor-widget elementor-widget-heading\" data-id=\"93a01b8\" data-element_type=\"widget\" data-widget_type=\"heading.default\">\n\t\t\t\t<div class=\"elementor-widget-container\">\n\t\t\t\t\t<h1 class=\"elementor-heading-title elementor-size-default\">Impressum<\/h1>\t\t\t\t<\/div>\n\t\t\t\t<\/div>\n\t\t\t\t<div class=\"elementor-element elementor-element-cab4cde elementor-widget elementor-widget-text-editor\" data-id=\"cab4cde\" data-element_type=\"widget\" data-widget_type=\"text-editor.default\">\n\t\t\t\t<div class=\"elementor-widget-container\">\n\t\t\t\t\t\t\t\t\t<h3>Editor<\/h3><p>Die Website <a href=\"https:\/\/fondation-nicolasgigot.org\/de\/\">https:\/\/fondation-nicolasgigot.org<\/a> ist das ausschlie\u00dfliche Eigentum der <strong>Fondation Nicolas Gigot<\/strong>, die sie ver\u00f6ffentlicht.<\/p><p>Fondation Nicolas Gigot<br>Rue Grandfosse 44, 4130 Esneux<br>E-Mail-Addresse : <a href=\"mailto:info@fondation-nicolasgigot.org\">info@fondation-nicolasgigot.org<\/a><br>Gesch\u00e4ftsnummer : 0751.897.181<\/p><h3>Hosting<\/h3><p>Diese Seite wird gehostet von OVH 2 Rue Kellermann 59100 Roubaix.<\/p><h3>Ver\u00f6ffentlichung<\/h3><p>Verlagsleiterin<br>Nadine BRIALMONT<\/p><p><strong>Kontaktieren Sie den Publikationsmanager<\/strong><\/p><p><a href=\"mailto:info@fondation-nicolasgigot.org\">info@fondation-nicolasgigot.org<\/a><\/p>\t\t\t\t\t\t\t\t<\/div>\n\t\t\t\t<\/div>\n\t\t\t\t\t<\/div>\n\t\t<\/div>\n\t\t\t\t\t<\/div>\n\t\t<\/section>\n\t\t\t\t<\/div>\n\t\t","protected":false},"excerpt":{"rendered":"<p>Impressum Editor Die Website https:\/\/fondation-nicolasgigot.org ist das ausschlie\u00dfliche Eigentum der Fondation Nicolas Gigot, die sie ver\u00f6ffentlicht. Fondation Nicolas GigotRue Grandfosse 44, 4130 EsneuxE-Mail-Addresse : info@fondation-nicolasgigot.orgGesch\u00e4ftsnummer : 0751.897.181 Hosting Diese Seite wird gehostet von OVH 2 Rue Kellermann 59100 Roubaix. Ver\u00f6ffentlichung VerlagsleiterinNadine BRIALMONT Kontaktieren Sie den Publikationsmanager info@fondation-nicolasgigot.org<\/p>\n","protected":false},"author":1,"featured_media":0,"parent":0,"menu_order":0,"comment_status":"closed","ping_status":"closed","template":"elementor_header_footer","meta":{"_acf_changed":false,"give_campaign_id":0,"footnotes":""},"class_list":["post-3243","page","type-page","status-publish","hentry"],"acf":[],"yoast_head":"<!-- This site is optimized with the Yoast SEO plugin v25.1 - https:\/\/yoast.com\/wordpress\/plugins\/seo\/ -->\n<title>Impressum der Stiftung | Nicolas Gigot Foundation<\/title>\n<meta name=\"description\" content=\"Die Stiftung ist in Bezug auf ihre T\u00e4tigkeit transparent. Durchsuchen Sie unsere rechtlichen Hinweise auf ehrliche Weise.\" \/>\n<meta name=\"robots\" content=\"noindex, follow\" \/>\n<meta property=\"og:locale\" content=\"de_DE\" \/>\n<meta property=\"og:type\" content=\"article\" \/>\n<meta property=\"og:title\" content=\"Impressum der Stiftung | Nicolas Gigot Foundation\" \/>\n<meta property=\"og:description\" content=\"Die Stiftung ist in Bezug auf ihre T\u00e4tigkeit transparent. Durchsuchen Sie unsere rechtlichen Hinweise auf ehrliche Weise.\" \/>\n<meta property=\"og:url\" content=\"https:\/\/fondation-nicolasgigot.org\/de\/impressum\/\" \/>\n<meta property=\"og:site_name\" content=\"Fondation Nicolas Gigot\" \/>\n<meta property=\"article:modified_time\" content=\"2024-04-11T11:57:53+00:00\" \/>\n<meta name=\"twitter:card\" content=\"summary_large_image\" \/>\n<script type=\"application\/ld+json\" class=\"yoast-schema-graph\">{\"@context\":\"https:\/\/schema.org\",\"@graph\":[{\"@type\":\"WebPage\",\"@id\":\"https:\/\/fondation-nicolasgigot.org\/de\/impressum\/\",\"url\":\"https:\/\/fondation-nicolasgigot.org\/de\/impressum\/\",\"name\":\"Impressum der Stiftung | Nicolas Gigot Foundation\",\"isPartOf\":{\"@id\":\"https:\/\/fondation-nicolasgigot.org\/de\/#website\"},\"datePublished\":\"2021-06-21T08:27:45+00:00\",\"dateModified\":\"2024-04-11T11:57:53+00:00\",\"description\":\"Die Stiftung ist in Bezug auf ihre T\u00e4tigkeit transparent. Durchsuchen Sie unsere rechtlichen Hinweise auf ehrliche Weise.\",\"breadcrumb\":{\"@id\":\"https:\/\/fondation-nicolasgigot.org\/de\/impressum\/#breadcrumb\"},\"inLanguage\":\"de\",\"potentialAction\":[{\"@type\":\"ReadAction\",\"target\":[\"https:\/\/fondation-nicolasgigot.org\/de\/impressum\/\"]}]},{\"@type\":\"BreadcrumbList\",\"@id\":\"https:\/\/fondation-nicolasgigot.org\/de\/impressum\/#breadcrumb\",\"itemListElement\":[{\"@type\":\"ListItem\",\"position\":1,\"name\":\"Accueil\",\"item\":\"https:\/\/fondation-nicolasgigot.org\/de\/\"},{\"@type\":\"ListItem\",\"position\":2,\"name\":\"Impressum\"}]},{\"@type\":\"WebSite\",\"@id\":\"https:\/\/fondation-nicolasgigot.org\/de\/#website\",\"url\":\"https:\/\/fondation-nicolasgigot.org\/de\/\",\"name\":\"Fondation Nicolas Gigot\",\"description\":\"\",\"publisher\":{\"@id\":\"https:\/\/fondation-nicolasgigot.org\/de\/#organization\"},\"potentialAction\":[{\"@type\":\"SearchAction\",\"target\":{\"@type\":\"EntryPoint\",\"urlTemplate\":\"https:\/\/fondation-nicolasgigot.org\/de\/?s={search_term_string}\"},\"query-input\":{\"@type\":\"PropertyValueSpecification\",\"valueRequired\":true,\"valueName\":\"search_term_string\"}}],\"inLanguage\":\"de\"},{\"@type\":\"Organization\",\"@id\":\"https:\/\/fondation-nicolasgigot.org\/de\/#organization\",\"name\":\"Fondation Nicolas Gigot\",\"url\":\"https:\/\/fondation-nicolasgigot.org\/de\/\",\"logo\":{\"@type\":\"ImageObject\",\"inLanguage\":\"de\",\"@id\":\"https:\/\/fondation-nicolasgigot.org\/de\/#\/schema\/logo\/image\/\",\"url\":\"https:\/\/fondation-nicolasgigot.org\/wp-content\/uploads\/2021\/04\/Groupe-32.svg\",\"contentUrl\":\"https:\/\/fondation-nicolasgigot.org\/wp-content\/uploads\/2021\/04\/Groupe-32.svg\",\"width\":1,\"height\":1,\"caption\":\"Fondation Nicolas Gigot\"},\"image\":{\"@id\":\"https:\/\/fondation-nicolasgigot.org\/de\/#\/schema\/logo\/image\/\"}}]}<\/script>\n<!-- \/ Yoast SEO plugin. -->","yoast_head_json":{"title":"Impressum der Stiftung | Nicolas Gigot Foundation","description":"Die Stiftung ist in Bezug auf ihre T\u00e4tigkeit transparent. Durchsuchen Sie unsere rechtlichen Hinweise auf ehrliche Weise.","robots":{"index":"noindex","follow":"follow"},"og_locale":"de_DE","og_type":"article","og_title":"Impressum der Stiftung | Nicolas Gigot Foundation","og_description":"Die Stiftung ist in Bezug auf ihre T\u00e4tigkeit transparent. Durchsuchen Sie unsere rechtlichen Hinweise auf ehrliche Weise.","og_url":"https:\/\/fondation-nicolasgigot.org\/de\/impressum\/","og_site_name":"Fondation Nicolas Gigot","article_modified_time":"2024-04-11T11:57:53+00:00","twitter_card":"summary_large_image","schema":{"@context":"https:\/\/schema.org","@graph":[{"@type":"WebPage","@id":"https:\/\/fondation-nicolasgigot.org\/de\/impressum\/","url":"https:\/\/fondation-nicolasgigot.org\/de\/impressum\/","name":"Impressum der Stiftung | Nicolas Gigot Foundation","isPartOf":{"@id":"https:\/\/fondation-nicolasgigot.org\/de\/#website"},"datePublished":"2021-06-21T08:27:45+00:00","dateModified":"2024-04-11T11:57:53+00:00","description":"Die Stiftung ist in Bezug auf ihre T\u00e4tigkeit transparent. Durchsuchen Sie unsere rechtlichen Hinweise auf ehrliche Weise.","breadcrumb":{"@id":"https:\/\/fondation-nicolasgigot.org\/de\/impressum\/#breadcrumb"},"inLanguage":"de","potentialAction":[{"@type":"ReadAction","target":["https:\/\/fondation-nicolasgigot.org\/de\/impressum\/"]}]},{"@type":"BreadcrumbList","@id":"https:\/\/fondation-nicolasgigot.org\/de\/impressum\/#breadcrumb","itemListElement":[{"@type":"ListItem","position":1,"name":"Accueil","item":"https:\/\/fondation-nicolasgigot.org\/de\/"},{"@type":"ListItem","position":2,"name":"Impressum"}]},{"@type":"WebSite","@id":"https:\/\/fondation-nicolasgigot.org\/de\/#website","url":"https:\/\/fondation-nicolasgigot.org\/de\/","name":"Fondation Nicolas Gigot","description":"","publisher":{"@id":"https:\/\/fondation-nicolasgigot.org\/de\/#organization"},"potentialAction":[{"@type":"SearchAction","target":{"@type":"EntryPoint","urlTemplate":"https:\/\/fondation-nicolasgigot.org\/de\/?s={search_term_string}"},"query-input":{"@type":"PropertyValueSpecification","valueRequired":true,"valueName":"search_term_string"}}],"inLanguage":"de"},{"@type":"Organization","@id":"https:\/\/fondation-nicolasgigot.org\/de\/#organization","name":"Fondation Nicolas Gigot","url":"https:\/\/fondation-nicolasgigot.org\/de\/","logo":{"@type":"ImageObject","inLanguage":"de","@id":"https:\/\/fondation-nicolasgigot.org\/de\/#\/schema\/logo\/image\/","url":"https:\/\/fondation-nicolasgigot.org\/wp-content\/uploads\/2021\/04\/Groupe-32.svg","contentUrl":"https:\/\/fondation-nicolasgigot.org\/wp-content\/uploads\/2021\/04\/Groupe-32.svg","width":1,"height":1,"caption":"Fondation Nicolas Gigot"},"image":{"@id":"https:\/\/fondation-nicolasgigot.org\/de\/#\/schema\/logo\/image\/"}}]}},"campaignId":"","_links":{"self":[{"href":"https:\/\/fondation-nicolasgigot.org\/de\/wp-json\/wp\/v2\/pages\/3243","targetHints":{"allow":["GET"]}}],"collection":[{"href":"https:\/\/fondation-nicolasgigot.org\/de\/wp-json\/wp\/v2\/pages"}],"about":[{"href":"https:\/\/fondation-nicolasgigot.org\/de\/wp-json\/wp\/v2\/types\/page"}],"author":[{"embeddable":true,"href":"https:\/\/fondation-nicolasgigot.org\/de\/wp-json\/wp\/v2\/users\/1"}],"replies":[{"embeddable":true,"href":"https:\/\/fondation-nicolasgigot.org\/de\/wp-json\/wp\/v2\/comments?post=3243"}],"version-history":[{"count":4,"href":"https:\/\/fondation-nicolasgigot.org\/de\/wp-json\/wp\/v2\/pages\/3243\/revisions"}],"predecessor-version":[{"id":5487,"href":"https:\/\/fondation-nicolasgigot.org\/de\/wp-json\/wp\/v2\/pages\/3243\/revisions\/5487"}],"wp:attachment":[{"href":"https:\/\/fondation-nicolasgigot.org\/de\/wp-json\/wp\/v2\/media?parent=3243"}],"curies":[{"name":"wp","href":"https:\/\/api.w.org\/{rel}","templated":true}]}}