{"id":3247,"date":"2021-06-21T10:30:43","date_gmt":"2021-06-21T08:30:43","guid":{"rendered":"https:\/\/ns332467.ip-37-187-254.eu\/~nicolasgigot\/datenschutz-bestimmungen\/"},"modified":"2024-04-11T13:58:42","modified_gmt":"2024-04-11T11:58:42","slug":"datenschutz-bestimmungen","status":"publish","type":"page","link":"https:\/\/fondation-nicolasgigot.org\/de\/datenschutz-bestimmungen\/","title":{"rendered":"Datenschutz-Bestimmungen"},"content":{"rendered":"\t\t<div data-elementor-type=\"wp-page\" data-elementor-id=\"3247\" class=\"elementor elementor-3247 elementor-27\" data-elementor-post-type=\"page\">\n\t\t\t\t\t\t<section class=\"elementor-section elementor-top-section elementor-element elementor-element-eed5158 elementor-section-boxed elementor-section-height-default elementor-section-height-default\" data-id=\"eed5158\" data-element_type=\"section\">\n\t\t\t\t\t\t<div class=\"elementor-container elementor-column-gap-default\">\n\t\t\t\t\t<div class=\"elementor-column elementor-col-100 elementor-top-column elementor-element elementor-element-bbeb599\" data-id=\"bbeb599\" data-element_type=\"column\">\n\t\t\t<div class=\"elementor-widget-wrap elementor-element-populated\">\n\t\t\t\t\t\t<div class=\"elementor-element elementor-element-a99fcb9 elementor-widget elementor-widget-heading\" data-id=\"a99fcb9\" data-element_type=\"widget\" data-widget_type=\"heading.default\">\n\t\t\t\t<div class=\"elementor-widget-container\">\n\t\t\t\t\t<h1 class=\"elementor-heading-title elementor-size-default\">Datenschutz-Bestimmungen<\/h1>\t\t\t\t<\/div>\n\t\t\t\t<\/div>\n\t\t\t\t<div class=\"elementor-element elementor-element-1e0a612 elementor-widget elementor-widget-text-editor\" data-id=\"1e0a612\" data-element_type=\"widget\" data-widget_type=\"text-editor.default\">\n\t\t\t\t<div class=\"elementor-widget-container\">\n\t\t\t\t\t\t\t\t\t<p>Die <strong>Fondation Nicolas Gigot<\/strong> st\u00e4rkt Ihre Rechte in Bezug auf den Schutz der Privatsph\u00e4re und den Schutz Ihrer pers\u00f6nlichen Daten. Diese \u00c4nderungen spiegeln sich in der nachstehenden Datenschutzerkl\u00e4rung wider.<\/p><p>Diese Sicherheitsvorkehrungen sind Teil unserer kontinuierlichen Verpflichtung, transparent zu sein, wie wir Ihre personenbezogenen Daten verwenden und sch\u00fctzen. Diese \u00c4nderungen erm\u00f6glichen auch die Ber\u00fccksichtigung der neuen Standards, die durch die Datenschutz-Grundverordnung (DSGVO) eingef\u00fchrt wurden.<\/p><p>Verantwortlich f\u00fcr die Verarbeitung Ihrer personenbezogenen Daten ist die <strong>Fondation Nicolas Gigot<\/strong>. Indem Sie die Allgemeinen Gesch\u00e4ftsbedingungen akzeptieren, erkl\u00e4ren Sie, dass Sie die Datenschutzrichtlinie der <strong>Fondation Nicolas Gigot<\/strong> gelesen und akzeptiert haben, die wie folgt zusammengefasst ist. Bei Fragen zur Verarbeitung Ihrer personenbezogenen Daten k\u00f6nnen Sie uns unter der Adresse <a href=\"mailto:info@fondation-nicolasgigot.org\">info@fondation-nicolasgigot.org<\/a> kontaktieren.<\/p><p>Die <strong>Fondation Nicolas Gigot<\/strong> kann personenbezogene Daten verarbeiten, um die Ziele der Verwaltung und Verarbeitung der Dateien ihrer Kunden sowohl in der Vergangenheit als auch in der Gegenwart und Zukunft zu gew\u00e4hrleisten, was insbesondere den Austausch mit anderen Dienstleistern beinhaltet.<\/p><p>Ihre Einwilligung kann jederzeit auf einfache schriftliche Anfrage oder per E-Mail widerrufen werden. Der Widerruf gilt in diesem Fall nur f\u00fcr noch nicht erbrachte Leistungen.<\/p><p>Ihre personenbezogenen Daten werden von uns verarbeitet und k\u00f6nnen insbesondere von den folgenden Dritten sein, an die sie im Rahmen einer guten Verwaltung Ihrer Datei \u00fcbermittelt worden w\u00e4ren: Grafikdesigner, Entwickler, Experten f\u00fcr nat\u00fcrliche und bezahlte Referenzierung.<\/p><p>Ihre personenbezogenen Daten werden nicht l\u00e4nger aufbewahrt, als dies zur Erf\u00fcllung der vorgenannten Zwecke, aber auch zur Einhaltung der geltenden gesetzlichen, vertraglichen und ethischen Verpflichtungen erforderlich ist.<\/p><p>Sie k\u00f6nnen \u00fcber die E-Mail-Adresse <a href=\"mailto:info@fondation-nicolasgigot.org\" target=\"_blank\" rel=\"noopener\">info@fondation-nicolasgigot.org<\/a> oder per Post an die Postanschrift Rue Grandfosse 44, 4130 Esneux auf Ihre personenbezogenen Daten zugreifen oder deren Berichtigung oder L\u00f6schung verlangen. Sie k\u00f6nnen sich auch an die Datenschutzbeh\u00f6rde wenden, um diese Rechte auszu\u00fcben. Der Pr\u00e4sident des Gerichts erster Instanz nimmt jeden Antrag in Bezug auf das Recht auf Auskunft, Berichtigung oder L\u00f6schung personenbezogener Daten entgegen, wenn dem Antrag innerhalb von 45 Tagen nach diesem Antrag nicht stattgegeben oder der Antrag abgelehnt wurde. Wenn Sie zu irgendeinem Zeitpunkt das Gef\u00fchl haben, dass wir Ihre Privatsph\u00e4re nicht respektieren, senden Sie uns bitte einen Brief oder eine E-Mail. Wir werden unser Bestes tun, um das Problem zu finden und zu beheben.<\/p><p>Wenn Sie weitere Informationen w\u00fcnschen, k\u00f6nnen Sie sich an die Datenschutzbeh\u00f6rde unter folgender Adresse wenden: Datenschutzbeh\u00f6rde, 1000 Br\u00fcssel, Rue de la Presse 35, (Tel. +32 (0)2 274 48 00 \u2013 Fax. +32 (0)2 274 48 35 \u2013 contact@apd-gba.be). Dort k\u00f6nnen Sie das \u00f6ffentliche Register der automatisierten Verarbeitung personenbezogener Daten einsehen.<\/p>\t\t\t\t\t\t\t\t<\/div>\n\t\t\t\t<\/div>\n\t\t\t\t\t<\/div>\n\t\t<\/div>\n\t\t\t\t\t<\/div>\n\t\t<\/section>\n\t\t\t\t<\/div>\n\t\t","protected":false},"excerpt":{"rendered":"<p>Datenschutz-Bestimmungen Die Fondation Nicolas Gigot st\u00e4rkt Ihre Rechte in Bezug auf den Schutz der Privatsph\u00e4re und den Schutz Ihrer pers\u00f6nlichen Daten. Diese \u00c4nderungen spiegeln sich in der nachstehenden Datenschutzerkl\u00e4rung wider. Diese Sicherheitsvorkehrungen sind Teil unserer kontinuierlichen Verpflichtung, transparent zu sein, wie wir Ihre personenbezogenen Daten verwenden und sch\u00fctzen. Diese \u00c4nderungen erm\u00f6glichen auch die Ber\u00fccksichtigung der [&hellip;]<\/p>\n","protected":false},"author":1,"featured_media":0,"parent":0,"menu_order":0,"comment_status":"closed","ping_status":"closed","template":"elementor_header_footer","meta":{"_acf_changed":false,"give_campaign_id":0,"footnotes":""},"class_list":["post-3247","page","type-page","status-publish","hentry"],"acf":[],"yoast_head":"<!-- This site is optimized with the Yoast SEO plugin v25.1 - https:\/\/yoast.com\/wordpress\/plugins\/seo\/ -->\n<title>Unsere Datenschutzrichtlinien | Nicolas Gigot Stiftung<\/title>\n<meta name=\"description\" content=\"Weil es eine geben muss, durchsuchen Sie unsere Datenschutzrichtlinie, um zu erfahren, wie wir Ihre Daten verarbeiten.\" \/>\n<meta name=\"robots\" content=\"noindex, follow\" \/>\n<meta property=\"og:locale\" content=\"de_DE\" \/>\n<meta property=\"og:type\" content=\"article\" \/>\n<meta property=\"og:title\" content=\"Unsere Datenschutzrichtlinien | Nicolas Gigot Stiftung\" \/>\n<meta property=\"og:description\" content=\"Weil es eine geben muss, durchsuchen Sie unsere Datenschutzrichtlinie, um zu erfahren, wie wir Ihre Daten verarbeiten.\" \/>\n<meta property=\"og:url\" content=\"https:\/\/fondation-nicolasgigot.org\/de\/datenschutz-bestimmungen\/\" \/>\n<meta property=\"og:site_name\" content=\"Fondation Nicolas Gigot\" \/>\n<meta property=\"article:modified_time\" content=\"2024-04-11T11:58:42+00:00\" \/>\n<meta name=\"twitter:card\" content=\"summary_large_image\" \/>\n<meta name=\"twitter:label1\" content=\"Gesch\u00e4tzte Lesezeit\" \/>\n\t<meta name=\"twitter:data1\" content=\"2\u00a0Minuten\" \/>\n<script type=\"application\/ld+json\" class=\"yoast-schema-graph\">{\"@context\":\"https:\/\/schema.org\",\"@graph\":[{\"@type\":\"WebPage\",\"@id\":\"https:\/\/fondation-nicolasgigot.org\/de\/datenschutz-bestimmungen\/\",\"url\":\"https:\/\/fondation-nicolasgigot.org\/de\/datenschutz-bestimmungen\/\",\"name\":\"Unsere Datenschutzrichtlinien | Nicolas Gigot Stiftung\",\"isPartOf\":{\"@id\":\"https:\/\/fondation-nicolasgigot.org\/de\/#website\"},\"datePublished\":\"2021-06-21T08:30:43+00:00\",\"dateModified\":\"2024-04-11T11:58:42+00:00\",\"description\":\"Weil es eine geben muss, durchsuchen Sie unsere Datenschutzrichtlinie, um zu erfahren, wie wir Ihre Daten verarbeiten.\",\"breadcrumb\":{\"@id\":\"https:\/\/fondation-nicolasgigot.org\/de\/datenschutz-bestimmungen\/#breadcrumb\"},\"inLanguage\":\"de\",\"potentialAction\":[{\"@type\":\"ReadAction\",\"target\":[\"https:\/\/fondation-nicolasgigot.org\/de\/datenschutz-bestimmungen\/\"]}]},{\"@type\":\"BreadcrumbList\",\"@id\":\"https:\/\/fondation-nicolasgigot.org\/de\/datenschutz-bestimmungen\/#breadcrumb\",\"itemListElement\":[{\"@type\":\"ListItem\",\"position\":1,\"name\":\"Accueil\",\"item\":\"https:\/\/fondation-nicolasgigot.org\/de\/\"},{\"@type\":\"ListItem\",\"position\":2,\"name\":\"Datenschutz-Bestimmungen\"}]},{\"@type\":\"WebSite\",\"@id\":\"https:\/\/fondation-nicolasgigot.org\/de\/#website\",\"url\":\"https:\/\/fondation-nicolasgigot.org\/de\/\",\"name\":\"Fondation Nicolas Gigot\",\"description\":\"\",\"publisher\":{\"@id\":\"https:\/\/fondation-nicolasgigot.org\/de\/#organization\"},\"potentialAction\":[{\"@type\":\"SearchAction\",\"target\":{\"@type\":\"EntryPoint\",\"urlTemplate\":\"https:\/\/fondation-nicolasgigot.org\/de\/?s={search_term_string}\"},\"query-input\":{\"@type\":\"PropertyValueSpecification\",\"valueRequired\":true,\"valueName\":\"search_term_string\"}}],\"inLanguage\":\"de\"},{\"@type\":\"Organization\",\"@id\":\"https:\/\/fondation-nicolasgigot.org\/de\/#organization\",\"name\":\"Fondation Nicolas Gigot\",\"url\":\"https:\/\/fondation-nicolasgigot.org\/de\/\",\"logo\":{\"@type\":\"ImageObject\",\"inLanguage\":\"de\",\"@id\":\"https:\/\/fondation-nicolasgigot.org\/de\/#\/schema\/logo\/image\/\",\"url\":\"https:\/\/fondation-nicolasgigot.org\/wp-content\/uploads\/2021\/04\/Groupe-32.svg\",\"contentUrl\":\"https:\/\/fondation-nicolasgigot.org\/wp-content\/uploads\/2021\/04\/Groupe-32.svg\",\"width\":1,\"height\":1,\"caption\":\"Fondation Nicolas Gigot\"},\"image\":{\"@id\":\"https:\/\/fondation-nicolasgigot.org\/de\/#\/schema\/logo\/image\/\"}}]}<\/script>\n<!-- \/ Yoast SEO plugin. -->","yoast_head_json":{"title":"Unsere Datenschutzrichtlinien | Nicolas Gigot Stiftung","description":"Weil es eine geben muss, durchsuchen Sie unsere Datenschutzrichtlinie, um zu erfahren, wie wir Ihre Daten verarbeiten.","robots":{"index":"noindex","follow":"follow"},"og_locale":"de_DE","og_type":"article","og_title":"Unsere Datenschutzrichtlinien | Nicolas Gigot Stiftung","og_description":"Weil es eine geben muss, durchsuchen Sie unsere Datenschutzrichtlinie, um zu erfahren, wie wir Ihre Daten verarbeiten.","og_url":"https:\/\/fondation-nicolasgigot.org\/de\/datenschutz-bestimmungen\/","og_site_name":"Fondation Nicolas Gigot","article_modified_time":"2024-04-11T11:58:42+00:00","twitter_card":"summary_large_image","twitter_misc":{"Gesch\u00e4tzte Lesezeit":"2\u00a0Minuten"},"schema":{"@context":"https:\/\/schema.org","@graph":[{"@type":"WebPage","@id":"https:\/\/fondation-nicolasgigot.org\/de\/datenschutz-bestimmungen\/","url":"https:\/\/fondation-nicolasgigot.org\/de\/datenschutz-bestimmungen\/","name":"Unsere Datenschutzrichtlinien | Nicolas Gigot Stiftung","isPartOf":{"@id":"https:\/\/fondation-nicolasgigot.org\/de\/#website"},"datePublished":"2021-06-21T08:30:43+00:00","dateModified":"2024-04-11T11:58:42+00:00","description":"Weil es eine geben muss, durchsuchen Sie unsere Datenschutzrichtlinie, um zu erfahren, wie wir Ihre Daten verarbeiten.","breadcrumb":{"@id":"https:\/\/fondation-nicolasgigot.org\/de\/datenschutz-bestimmungen\/#breadcrumb"},"inLanguage":"de","potentialAction":[{"@type":"ReadAction","target":["https:\/\/fondation-nicolasgigot.org\/de\/datenschutz-bestimmungen\/"]}]},{"@type":"BreadcrumbList","@id":"https:\/\/fondation-nicolasgigot.org\/de\/datenschutz-bestimmungen\/#breadcrumb","itemListElement":[{"@type":"ListItem","position":1,"name":"Accueil","item":"https:\/\/fondation-nicolasgigot.org\/de\/"},{"@type":"ListItem","position":2,"name":"Datenschutz-Bestimmungen"}]},{"@type":"WebSite","@id":"https:\/\/fondation-nicolasgigot.org\/de\/#website","url":"https:\/\/fondation-nicolasgigot.org\/de\/","name":"Fondation Nicolas Gigot","description":"","publisher":{"@id":"https:\/\/fondation-nicolasgigot.org\/de\/#organization"},"potentialAction":[{"@type":"SearchAction","target":{"@type":"EntryPoint","urlTemplate":"https:\/\/fondation-nicolasgigot.org\/de\/?s={search_term_string}"},"query-input":{"@type":"PropertyValueSpecification","valueRequired":true,"valueName":"search_term_string"}}],"inLanguage":"de"},{"@type":"Organization","@id":"https:\/\/fondation-nicolasgigot.org\/de\/#organization","name":"Fondation Nicolas Gigot","url":"https:\/\/fondation-nicolasgigot.org\/de\/","logo":{"@type":"ImageObject","inLanguage":"de","@id":"https:\/\/fondation-nicolasgigot.org\/de\/#\/schema\/logo\/image\/","url":"https:\/\/fondation-nicolasgigot.org\/wp-content\/uploads\/2021\/04\/Groupe-32.svg","contentUrl":"https:\/\/fondation-nicolasgigot.org\/wp-content\/uploads\/2021\/04\/Groupe-32.svg","width":1,"height":1,"caption":"Fondation Nicolas Gigot"},"image":{"@id":"https:\/\/fondation-nicolasgigot.org\/de\/#\/schema\/logo\/image\/"}}]}},"campaignId":"","_links":{"self":[{"href":"https:\/\/fondation-nicolasgigot.org\/de\/wp-json\/wp\/v2\/pages\/3247","targetHints":{"allow":["GET"]}}],"collection":[{"href":"https:\/\/fondation-nicolasgigot.org\/de\/wp-json\/wp\/v2\/pages"}],"about":[{"href":"https:\/\/fondation-nicolasgigot.org\/de\/wp-json\/wp\/v2\/types\/page"}],"author":[{"embeddable":true,"href":"https:\/\/fondation-nicolasgigot.org\/de\/wp-json\/wp\/v2\/users\/1"}],"replies":[{"embeddable":true,"href":"https:\/\/fondation-nicolasgigot.org\/de\/wp-json\/wp\/v2\/comments?post=3247"}],"version-history":[{"count":4,"href":"https:\/\/fondation-nicolasgigot.org\/de\/wp-json\/wp\/v2\/pages\/3247\/revisions"}],"predecessor-version":[{"id":5491,"href":"https:\/\/fondation-nicolasgigot.org\/de\/wp-json\/wp\/v2\/pages\/3247\/revisions\/5491"}],"wp:attachment":[{"href":"https:\/\/fondation-nicolasgigot.org\/de\/wp-json\/wp\/v2\/media?parent=3247"}],"curies":[{"name":"wp","href":"https:\/\/api.w.org\/{rel}","templated":true}]}}